{"id":25787,"date":"2019-10-02T18:54:24","date_gmt":"2019-10-02T18:54:24","guid":{"rendered":"http:\/\/www.ediforma.com\/?page_id=25787"},"modified":"2019-10-02T18:55:04","modified_gmt":"2019-10-02T18:55:04","slug":"politica-de-privacidad","status":"publish","type":"page","link":"https:\/\/www.ediforma.com\/en\/politica-de-privacidad\/","title":{"rendered":"Pol\u00edtica de privacidad"},"content":{"rendered":"<p>[et_pb_section fb_built=\u00bb1&#8243; _builder_version=\u00bb3.22&#8243; fb_built=\u00bb1&#8243; bb_built=\u00bb1&#8243; _i=\u00bb0&#8243; _address=\u00bb0&#8243;][et_pb_row _builder_version=\u00bb3.25&#8243; background_size=\u00bbinitial\u00bb background_position=\u00bbtop_left\u00bb background_repeat=\u00bbrepeat\u00bb _i=\u00bb0&#8243; _address=\u00bb0.0&#8243;][et_pb_column type=\u00bb4_4&#8243; _builder_version=\u00bb3.25&#8243; custom_padding=\u00bb|||\u00bb _i=\u00bb0&#8243; _address=\u00bb0.0.0&#8243; custom_padding__hover=\u00bb|||\u00bb][et_pb_text _builder_version=\u00bb3.29.3&#8243; header_font=\u00bbUbuntu||||||||\u00bb header_text_color=\u00bb#020202&#8243; header_font_size=\u00bb32px\u00bb header_2_font=\u00bbUbuntu||||||||\u00bb header_2_font_size=\u00bb24px\u00bb _i=\u00bb0&#8243; _address=\u00bb0.0.0.0&#8243;]<\/p>\n<p>Ediforma, SL. (en adelante Ediforma) con CIF: B33252925 y domicilio en C\/ Langreo 14, 33006 Oviedo, Asturias.<\/p>\n<h4>Protecci\u00f3n de datos de car\u00e1cter personal<\/h4>\n<p>Los usuarios, por el mero hecho de acceder a los servicios que se ofrecen en la web dan su consentimiento para el tratamiento de sus datos personales por Ediforma en los t\u00e9rminos del presente documento y de la normativa vigente.<\/p>\n<h4>Confidencialidad<\/h4>\n<p>Ediforma garantiza la confidencialidad de los datos de car\u00e1cter personal facilitados por los usuarios y su tratamiento automatizado de acuerdo con la legislaci\u00f3n vigente sobre protecci\u00f3n de datos de car\u00e1cter personal (Ley Org\u00e1nica 15\/99, de 13 de diciembre, de Protecci\u00f3n de Datos de Car\u00e1cter Personal o\/y normativa que la sustituya o desarrolle).<\/p>\n<h4>Incorporaci\u00f3n tratamiento y rectificaci\u00f3n<\/h4>\n<p>Se informa que los datos de car\u00e1cter personal facilitados en cualquier registro ser\u00e1n incorporados a un fichero registrado ante la Agencia de Protecci\u00f3n de Datos, siendo responsable del mismo Ediforma. La finalidad de la recogida y tratamiento de los datos es la de realizar una correcta gesti\u00f3n y prestaci\u00f3n de los servicios ofrecidos por Ediforma a sus clientes. El usuario podr\u00e1 ejercitar los derechos de acceso, rectificaci\u00f3n, cancelaci\u00f3n y oposici\u00f3n, recogidos en el art.5 de la Ley ante el responsable del fichero y del tratamiento de datos: Ediforma, SL. con CIF: B33252925 y domicilio en C\/ Langreo 14, 33006 Oviedo, Asturias. E-mail: info@ediforma.com. Ediforma no ceder\u00e1 los datos personales de los usuarios que se recogen a trav\u00e9s del website a terceros ajenos a Ediforma sin el consentimiento expreso del usuario<\/p>\n<h4>Modificaci\u00f3n<\/h4>\n<p>Ediforma se reserva el derecho a modificar la presente pol\u00edtica para adaptarla a novedades o exigencias legislativas y jurisprudenciales.<\/p>\n<p>[\/et_pb_text][\/et_pb_column][\/et_pb_row][\/et_pb_section]<\/p>","protected":false},"excerpt":{"rendered":"<p>Ediforma, SL. (en adelante Ediforma) con CIF: B33252925 y domicilio en C\/ Langreo 14, 33006 Oviedo, Asturias. Protecci\u00f3n de datos de car\u00e1cter personal Los usuarios, por el mero hecho de acceder a los servicios que se ofrecen en la web dan su consentimiento para el tratamiento de sus datos personales por Ediforma en los t\u00e9rminos [&hellip;]<\/p>","protected":false},"author":2,"featured_media":0,"parent":0,"menu_order":0,"comment_status":"closed","ping_status":"closed","template":"","meta":{"_et_pb_use_builder":"on","_et_pb_old_content":"<p>[et_pb_section bb_built=\"1\"][et_pb_row][et_pb_column type=\"4_4\"][et_pb_text _builder_version=\"3.29.3\"]<\/p><p>[vc_row el_class=\"home-purchase\" css=\".vc_custom_1457918902914{margin-bottom: 0px !important;padding-top: 50px !important;padding-bottom: 50px !important;background-color: #2b2e32 !important;}\"][vc_column][vc_column_text css=\".vc_custom_1511517867027{margin-bottom: 0px !important;}\"]<\/p><h1 style=\"text-align: center;\"><span style=\"color: #ffffff;\"><strong>Aviso legal<\/strong><\/span><\/h1><p>\u00a0<\/p><ol><li>Informaci\u00f3n general<br \/>Las presentes condiciones regulan el uso permitido de la p\u00e1gina con URL<a href=\"http:\/\/www.ediforma.com\"> http:\/\/www.ediforma.com<\/a>, que la empresa <strong>Ediforma<\/strong>,\u00a0 con domicilio en C\/ Langreo 14, 33006 (Oviedo) pone a disposici\u00f3n de los usuarios de Internet.Se pone a disposici\u00f3n de los usuarios los siguientes medios donde podr\u00e1n dirigir sus peticiones, cuestiones y quejas:<strong>Direcci\u00f3n postal:<\/strong><br \/>C\/ Langreo 14<br \/>33006 Oviedo (Asturias)<\/li><\/ol><p><strong>Correo electr\u00f3nico: <\/strong><br \/><a href=\"mailto:gestion@ediforma.com\">gestion@ediforma.com<\/a><\/p><ol start=\"2\"><li>Estas condiciones generales regulan el acceso y utilizaci\u00f3n del sitio <a href=\"http:\/\/www.ediforma.com\">http:\/\/www.ediforma.com<\/a>, (en adelante \u00abla Web\u00bb) que <strong>Ediforma<\/strong>, pone gratuitamente a disposici\u00f3n de los usuarios de Internet. El acceso al mismo implica su aceptaci\u00f3n sin reservas. La utilizaci\u00f3n de determinados servicios ofrecidos en este sitio se regir\u00e1, adem\u00e1s, por las condiciones particulares previstas en cada caso, las cuales se entender\u00e1n aceptadas por el mero uso de tales servicios.<\/li><li>Se autoriza la visualizaci\u00f3n, impresi\u00f3n y descarga parcial del contenido de la Web s\u00f3lo y exclusivamente si concurren las siguientes condiciones:<\/li><\/ol><ul><li>Que sea compatible con los fines de la Web.<\/li><li>Que se realice con el exclusivo \u00e1nimo de obtener la informaci\u00f3n contenida para uso personal y privado. Se proh\u00edbe expresamente su utilizaci\u00f3n con fines comerciales o para su distribuci\u00f3n, comunicaci\u00f3n p\u00fablica, transformaci\u00f3n o descompilaci\u00f3n.<\/li><li>Que ninguno de los contenidos relacionados en la Web sean modificados de manera alguna.<\/li><li>Que ning\u00fan gr\u00e1fico, icono o imagen disponible en la Web sea utilizado, copiado o distribuido separadamente del texto o resto de im\u00e1genes que lo acompa\u00f1an.<\/li><li><strong>Ediforma<\/strong> se reserva la facultad de efectuar, en cualquier momento y sin necesidad de previo aviso, modificaciones y actualizaciones de la informaci\u00f3n contenida en la Web, de la configuraci\u00f3n y presentaci\u00f3n de \u00e9sta y de las condiciones de acceso.<\/li><\/ul><ol start=\"4\"><li><strong>Ediforma<\/strong> no garantiza la inexistencia de interrupciones o errores en el acceso a la Web o a su contenido, ni que \u00e9ste se encuentre actualizado, llevando a cabo, siempre que no concurran causas que lo hagan imposible o de dif\u00edcil ejecuci\u00f3n, y tan pronto tenga noticia de los errores, desconexiones o falta de actualizaci\u00f3n en los contenidos, todas aquellas labores tendentes a subsanar los errores, restablecer la comunicaci\u00f3n y actualizar los contenidos.<\/li><li>Tanto el acceso a la Web como el uso inconsentido que pueda efectuarse de la informaci\u00f3n contenida en la misma es de la exclusiva responsabilidad de quien lo realiza. <strong>Ediforma<\/strong> no responder\u00e1 de ninguna consecuencia, da\u00f1o o perjuicio que pudieran derivarse de dicho acceso o uso. As\u00ed mismo no se hace responsable de los errores de seguridad, que se puedan producir ni de los da\u00f1os que puedan causarse al sistema inform\u00e1tico del usuario (hardware y software), o a los ficheros o documentos almacenados en el mismo, como consecuencia de:<\/li><\/ol><p>(i) la presencia de un virus en el ordenador del usuario que sea utilizado para la conexi\u00f3n a los servicios y contenidos de la Web.<br \/>(ii) un mal funcionamiento del navegador.<br \/>(iii) del uso de versiones no actualizadas del mismo.<\/p><ol start=\"6\"><li><strong>Ediforma<\/strong> no asume responsabilidad alguna derivada de los contenidos enlazados desde la Web, siempre que sean ajenos a la misma, ni garantiza la ausencia de virus u otros elementos en los mismos que puedan producir alteraciones en el sistema inform\u00e1tico (hardware y software), en los documentos o los ficheros del usuario, excluyendo cualquier responsabilidad por los da\u00f1os de cualquier clase causados al usuario por este motivo. En el caso de que cualquier usuario, cliente o un tercero, considerara que el contenido o los servicios prestados por las p\u00e1ginas enlazadas son il\u00edcitos o lesionan bienes o derechos del propio usuario, de un cliente o de un tercero susceptibles de indemnizaci\u00f3n, y, en particular, consistan en:<\/li><\/ol><p>(i) Actividades o contenidos susceptibles de ser considerados delictivos conforme la normativa penal espa\u00f1ola.<br \/>(ii) Actividades o contenidos que violen derechos de propiedad intelectual o industrial.<br \/>(iii) Actividades o contenidos que pongan en peligro el orden p\u00fablico, la investigaci\u00f3n penal, la seguridad p\u00fablica y la defensa nacional.<br \/>(iv) Actividades o contenidos que pongan en peligro la protecci\u00f3n de la salud p\u00fablica, el respeto a la dignidad de la persona y al principio de no discriminaci\u00f3n, y la protecci\u00f3n de la salud y la infancia.<\/p><p>Deber\u00e1 ponerse en contacto con la empresa a trav\u00e9s del formulario de contacto o del correo electr\u00f3nico que figura en la informaci\u00f3n de contacto.<\/p><ol start=\"7\"><li><strong>Ediforma<\/strong> es titular de los derechos de propiedad intelectual referidos a sus productos y servicios, y espec\u00edficamente de los relativos a la marca registrada. Respecto a las citas de productos y servicios de terceros, <strong>Ediforma<\/strong> reconoce a favor de sus titulares los correspondientes derechos de propiedad industrial e intelectual, no implicando su sola menci\u00f3n o aparici\u00f3n en la Web la existencia de derechos o responsabilidad alguna de <strong>Ediforma<\/strong> sobre los mismos, como tampoco respaldo, patrocinio, o recomendaci\u00f3n por parte de <strong>Ediforma<\/strong>, a no ser que se manifieste de manera expresa.Todos los derechos de propiedad intelectual de la informaci\u00f3n contenida en esta p\u00e1gina web, son titularidad exclusiva de <strong>Ediforma<\/strong> correspondi\u00e9ndonos el ejercicio exclusivo de los derechos de explotaci\u00f3n de los mismos.Por tanto queda prohibida su reproducci\u00f3n, distribuci\u00f3n, comunicaci\u00f3n p\u00fablica y transformaci\u00f3n, total o parcial, sin la autorizaci\u00f3n expresa de <strong>Ediforma<\/strong>. Igualmente, todos los nombres comerciales, marcas o signos distintos de cualquier clase contenidos en este web site est\u00e1n protegidos por ley.<\/li><li>La utilizaci\u00f3n no autorizada de la informaci\u00f3n contenida en la Web, su reventa, as\u00ed como la lesi\u00f3n de los derechos de Propiedad Intelectual o Industrial de <strong>Ediforma<\/strong> dar\u00e1 lugar a las responsabilidades legalmente establecidas.<\/li><li>Todo enlace de terceros a la Web debe serlo a su p\u00e1gina principal, quedando expresamente prohibidas los \u00ablinks profundos\u00bb, el \u00abframing\u00bb y cualquier otro aprovechamiento de los contenidos de la Web, a favor de terceros no autorizado.<\/li><li><strong>Ediforma<\/strong> y el usuario, con renuncia expresa a cualquier otro fuero, se someten al de los juzgados y tribunales del domicilio del usuario para cualquier controversia que pudiera derivarse del acceso, o uso de la Web. En el caso de que el usuario tenga su domicilio fuera de Espa\u00f1a,<strong> Ediforma <\/strong>y el usuario se someten, con renuncia expresa a cualquier otro fuero, a los juzgados y tribunales de la ciudad de Oviedo (Espa\u00f1a).La consecuencia de no suministrarnos los datos solicitados, ser\u00e1 la imposibilidad de prestarle el servicio demandado, o suministrarle la informaci\u00f3n solicitada.Sepa que tiene reconocida la posibilidad de ejercitar gratuitamente los derechos de acceso, rectificaci\u00f3n, cancelaci\u00f3n y oposici\u00f3n, en los t\u00e9rminos previstos en la Ley Org\u00e1nica 15\/1999, mediante escrito que podr\u00e1 ser presentado directamente en el domicilio social de la entidad o remitido por correo certificado, incluyendo fotocopia del DNI a la direcci\u00f3n anteriormente se\u00f1alada.<\/li><\/ol><p>[\/vc_column_text][\/vc_column][\/vc_row]<\/p><p>[\/et_pb_text][\/et_pb_column][\/et_pb_row][\/et_pb_section]<\/p>","_et_gb_content_width":""},"_links":{"self":[{"href":"https:\/\/www.ediforma.com\/en\/wp-json\/wp\/v2\/pages\/25787"}],"collection":[{"href":"https:\/\/www.ediforma.com\/en\/wp-json\/wp\/v2\/pages"}],"about":[{"href":"https:\/\/www.ediforma.com\/en\/wp-json\/wp\/v2\/types\/page"}],"author":[{"embeddable":true,"href":"https:\/\/www.ediforma.com\/en\/wp-json\/wp\/v2\/users\/2"}],"replies":[{"embeddable":true,"href":"https:\/\/www.ediforma.com\/en\/wp-json\/wp\/v2\/comments?post=25787"}],"version-history":[{"count":4,"href":"https:\/\/www.ediforma.com\/en\/wp-json\/wp\/v2\/pages\/25787\/revisions"}],"predecessor-version":[{"id":25795,"href":"https:\/\/www.ediforma.com\/en\/wp-json\/wp\/v2\/pages\/25787\/revisions\/25795"}],"wp:attachment":[{"href":"https:\/\/www.ediforma.com\/en\/wp-json\/wp\/v2\/media?parent=25787"}],"curies":[{"name":"wp","href":"https:\/\/api.w.org\/{rel}","templated":true}]}}